{"id":1645,"date":"2026-04-10T09:58:18","date_gmt":"2026-04-10T08:58:18","guid":{"rendered":"https:\/\/www.tuk-tuktrips.com\/?post_type=product&#038;p=1645"},"modified":"2026-04-10T10:02:51","modified_gmt":"2026-04-10T09:02:51","slug":"guadalquivir-itinerary-copia-copia","status":"publish","type":"product","link":"https:\/\/www.tuk-tuktrips.com\/en\/producto\/guadalquivir-itinerary-copia-copia\/","title":{"rendered":"Guadalquivir Itinerary (copia) (copia)"},"content":{"rendered":"<p><strong>Along both banks of the Guadalquivir River&#8230;<\/strong><\/p>\n<p>Runs along the perimeter of the historic center. View the main buildings and unique landmarks of Seville (Plaza de Espa\u00f1a, Torre del Oro, Triana Bridge, etc.). Park for a few minutes to visit Plaza de Espa\u00f1a on foot.<br \/>\nThe route proceeds clockwise along the historic city center&#8217;s ring road and crosses the Guadalquivir River four times, via its different branches, passing through Triana and Isla de la Cartuja. Leaving Isla de la Cartuja, you will closely observe the Guadalquivir Dock, the San Vicente neighborhood where the Basilica of Jes\u00fas del Gran Poder is located, the Torre de los Perdigones, the Basilica of La Macarena, the Walls of Seville, the Gates of Osario, Carmona, and La Carne, the Murillo Gardens (located behind the Alc\u00e1zar of Seville and the Santa Cruz neighborhood), the magnificent Old Tobacco Factory, the Statue of El Cid, the Prado Park, the Pavilion of Portugal, and Plaza de Espa\u00f1a, where you will stop for a few minutes. Afterwards, you will see Mar\u00eda Luisa Park, Plaza de Am\u00e9rica, San Telmo Palace, the Torre del Oro, the Jardines de la Caridad, the Maestranza Bullring of Seville, and the Triana Bridge.<br \/>\nWe have 2 pickup points:<\/p>\n<ul>\n<li>At the Hotel Giralda Center<\/li>\n<li>At the Hotel Becquer<\/li>\n<\/ul>\n","protected":false},"excerpt":{"rendered":"<p><strong>What&#8217;s Included:<\/strong><\/p>\n<ul>\n<li>Runs along the perimeter of the historic center.<\/li>\n<li>View the main buildings and unique landmarks of Seville (Torre del Oro, Triana Bridge, etc.).<\/li>\n<li>Halfway through the tour, stop for a few minutes to view the Plaza de Espa\u00f1a.<\/li>\n<li>Torre del Oro.<\/li>\n<li>Modern tuk-tuks.<\/li>\n<li>Official guide<\/li>\n<\/ul>\n","protected":false},"featured_media":1405,"comment_status":"open","ping_status":"closed","template":"","meta":{"_acf_changed":false},"product_brand":[],"product_cat":[33],"product_tag":[],"class_list":{"0":"post-1645","1":"product","2":"type-product","3":"status-publish","4":"has-post-thumbnail","6":"product_cat-uncategorized","7":"sales-flash-overlay","8":"woocommerce-text-align-center","9":"woocommerce-image-align-center","10":"do-quantity-buttons","12":"first","13":"instock","14":"virtual","15":"sold-individually","16":"purchasable","17":"product-type-booking"},"booking_location":"","booking_location_type":"","booking_duration":1,"booking_duration_unit":"hour","booking_buffer":0,"booking_cost":300,"booking_resources":[1402,1397,1398],"acf":[],"yoast_head":"<!-- This site is optimized with the Yoast SEO plugin v27.2 - https:\/\/yoast.com\/product\/yoast-seo-wordpress\/ -->\n<title>Guadalquivir Itinerary (copia) (copia) - Tuk-Tuk Trips<\/title>\n<meta name=\"robots\" content=\"index, follow, max-snippet:-1, max-image-preview:large, max-video-preview:-1\" \/>\n<link rel=\"canonical\" href=\"https:\/\/www.tuk-tuktrips.com\/en\/producto\/guadalquivir-itinerary-copia-copia\/\" \/>\n<meta property=\"og:locale\" content=\"en_US\" \/>\n<meta property=\"og:type\" content=\"article\" \/>\n<meta property=\"og:title\" content=\"Guadalquivir Itinerary (copia) (copia) - Tuk-Tuk Trips\" \/>\n<meta property=\"og:description\" content=\"What&#039;s Included:   Runs along the perimeter of the historic center.  View the main buildings and unique landmarks of Seville (Torre del Oro, Triana Bridge, etc.).  Halfway through the tour, stop for a few minutes to view the Plaza de Espa\u00f1a.  Torre del Oro.  Modern tuk-tuks.  Official guide\" \/>\n<meta property=\"og:url\" content=\"https:\/\/www.tuk-tuktrips.com\/en\/producto\/guadalquivir-itinerary-copia-copia\/\" \/>\n<meta property=\"og:site_name\" content=\"Tuk-Tuk Trips\" \/>\n<meta property=\"article:modified_time\" content=\"2026-04-10T09:02:51+00:00\" \/>\n<meta property=\"og:image\" content=\"https:\/\/www.tuk-tuktrips.com\/wp-content\/uploads\/2026\/02\/ItinearioHispalis.jpg\" \/>\n\t<meta property=\"og:image:width\" content=\"886\" \/>\n\t<meta property=\"og:image:height\" content=\"520\" \/>\n\t<meta property=\"og:image:type\" content=\"image\/jpeg\" \/>\n<meta name=\"twitter:card\" content=\"summary_large_image\" \/>\n<meta name=\"twitter:label1\" content=\"Est. reading time\" \/>\n\t<meta name=\"twitter:data1\" content=\"2 minutes\" \/>\n<script type=\"application\/ld+json\" class=\"yoast-schema-graph\">{\"@context\":\"https:\/\/schema.org\",\"@graph\":[{\"@type\":\"WebPage\",\"@id\":\"https:\/\/www.tuk-tuktrips.com\/en\/producto\/guadalquivir-itinerary-copia-copia\/\",\"url\":\"https:\/\/www.tuk-tuktrips.com\/en\/producto\/guadalquivir-itinerary-copia-copia\/\",\"name\":\"Guadalquivir Itinerary (copia) (copia) - Tuk-Tuk Trips\",\"isPartOf\":{\"@id\":\"https:\/\/www.tuk-tuktrips.com\/en\/#website\"},\"primaryImageOfPage\":{\"@id\":\"https:\/\/www.tuk-tuktrips.com\/en\/producto\/guadalquivir-itinerary-copia-copia\/#primaryimage\"},\"image\":{\"@id\":\"https:\/\/www.tuk-tuktrips.com\/en\/producto\/guadalquivir-itinerary-copia-copia\/#primaryimage\"},\"thumbnailUrl\":\"https:\/\/www.tuk-tuktrips.com\/wp-content\/uploads\/2026\/02\/ItinearioHispalis.jpg\",\"datePublished\":\"2026-04-10T08:58:18+00:00\",\"dateModified\":\"2026-04-10T09:02:51+00:00\",\"breadcrumb\":{\"@id\":\"https:\/\/www.tuk-tuktrips.com\/en\/producto\/guadalquivir-itinerary-copia-copia\/#breadcrumb\"},\"inLanguage\":\"en-US\",\"potentialAction\":[{\"@type\":\"ReadAction\",\"target\":[\"https:\/\/www.tuk-tuktrips.com\/en\/producto\/guadalquivir-itinerary-copia-copia\/\"]}]},{\"@type\":\"ImageObject\",\"inLanguage\":\"en-US\",\"@id\":\"https:\/\/www.tuk-tuktrips.com\/en\/producto\/guadalquivir-itinerary-copia-copia\/#primaryimage\",\"url\":\"https:\/\/www.tuk-tuktrips.com\/wp-content\/uploads\/2026\/02\/ItinearioHispalis.jpg\",\"contentUrl\":\"https:\/\/www.tuk-tuktrips.com\/wp-content\/uploads\/2026\/02\/ItinearioHispalis.jpg\",\"width\":886,\"height\":520},{\"@type\":\"BreadcrumbList\",\"@id\":\"https:\/\/www.tuk-tuktrips.com\/en\/producto\/guadalquivir-itinerary-copia-copia\/#breadcrumb\",\"itemListElement\":[{\"@type\":\"ListItem\",\"position\":1,\"name\":\"Inicio\",\"item\":\"https:\/\/www.tuk-tuktrips.com\/en\/home\/\"},{\"@type\":\"ListItem\",\"position\":2,\"name\":\"Shop\",\"item\":\"https:\/\/www.tuk-tuktrips.com\/en\/shop\/\"},{\"@type\":\"ListItem\",\"position\":3,\"name\":\"Guadalquivir Itinerary (copia) (copia)\"}]},{\"@type\":\"WebSite\",\"@id\":\"https:\/\/www.tuk-tuktrips.com\/en\/#website\",\"url\":\"https:\/\/www.tuk-tuktrips.com\/en\/\",\"name\":\"Tuk-Tuk Trips\",\"description\":\"Tuk tuk Sevilla, visita Sevilla de forma personalizada\",\"publisher\":{\"@id\":\"https:\/\/www.tuk-tuktrips.com\/en\/#organization\"},\"potentialAction\":[{\"@type\":\"SearchAction\",\"target\":{\"@type\":\"EntryPoint\",\"urlTemplate\":\"https:\/\/www.tuk-tuktrips.com\/en\/?s={search_term_string}\"},\"query-input\":{\"@type\":\"PropertyValueSpecification\",\"valueRequired\":true,\"valueName\":\"search_term_string\"}}],\"inLanguage\":\"en-US\"},{\"@type\":\"Organization\",\"@id\":\"https:\/\/www.tuk-tuktrips.com\/en\/#organization\",\"name\":\"Tuk-Tuk Trips\",\"url\":\"https:\/\/www.tuk-tuktrips.com\/en\/\",\"logo\":{\"@type\":\"ImageObject\",\"inLanguage\":\"en-US\",\"@id\":\"https:\/\/www.tuk-tuktrips.com\/en\/#\/schema\/logo\/image\/\",\"url\":\"https:\/\/www.tuk-tuktrips.com\/wp-content\/uploads\/2026\/02\/logoNegro.svg\",\"contentUrl\":\"https:\/\/www.tuk-tuktrips.com\/wp-content\/uploads\/2026\/02\/logoNegro.svg\",\"width\":91,\"height\":114,\"caption\":\"Tuk-Tuk Trips\"},\"image\":{\"@id\":\"https:\/\/www.tuk-tuktrips.com\/en\/#\/schema\/logo\/image\/\"}}]}<\/script>\n<!-- \/ Yoast SEO plugin. -->","yoast_head_json":{"title":"Guadalquivir Itinerary (copia) (copia) - Tuk-Tuk Trips","robots":{"index":"index","follow":"follow","max-snippet":"max-snippet:-1","max-image-preview":"max-image-preview:large","max-video-preview":"max-video-preview:-1"},"canonical":"https:\/\/www.tuk-tuktrips.com\/en\/producto\/guadalquivir-itinerary-copia-copia\/","og_locale":"en_US","og_type":"article","og_title":"Guadalquivir Itinerary (copia) (copia) - Tuk-Tuk Trips","og_description":"What's Included:   Runs along the perimeter of the historic center.  View the main buildings and unique landmarks of Seville (Torre del Oro, Triana Bridge, etc.).  Halfway through the tour, stop for a few minutes to view the Plaza de Espa\u00f1a.  Torre del Oro.  Modern tuk-tuks.  Official guide","og_url":"https:\/\/www.tuk-tuktrips.com\/en\/producto\/guadalquivir-itinerary-copia-copia\/","og_site_name":"Tuk-Tuk Trips","article_modified_time":"2026-04-10T09:02:51+00:00","og_image":[{"width":886,"height":520,"url":"https:\/\/www.tuk-tuktrips.com\/wp-content\/uploads\/2026\/02\/ItinearioHispalis.jpg","type":"image\/jpeg"}],"twitter_card":"summary_large_image","twitter_misc":{"Est. reading time":"2 minutes"},"schema":{"@context":"https:\/\/schema.org","@graph":[{"@type":"WebPage","@id":"https:\/\/www.tuk-tuktrips.com\/en\/producto\/guadalquivir-itinerary-copia-copia\/","url":"https:\/\/www.tuk-tuktrips.com\/en\/producto\/guadalquivir-itinerary-copia-copia\/","name":"Guadalquivir Itinerary (copia) (copia) - Tuk-Tuk Trips","isPartOf":{"@id":"https:\/\/www.tuk-tuktrips.com\/en\/#website"},"primaryImageOfPage":{"@id":"https:\/\/www.tuk-tuktrips.com\/en\/producto\/guadalquivir-itinerary-copia-copia\/#primaryimage"},"image":{"@id":"https:\/\/www.tuk-tuktrips.com\/en\/producto\/guadalquivir-itinerary-copia-copia\/#primaryimage"},"thumbnailUrl":"https:\/\/www.tuk-tuktrips.com\/wp-content\/uploads\/2026\/02\/ItinearioHispalis.jpg","datePublished":"2026-04-10T08:58:18+00:00","dateModified":"2026-04-10T09:02:51+00:00","breadcrumb":{"@id":"https:\/\/www.tuk-tuktrips.com\/en\/producto\/guadalquivir-itinerary-copia-copia\/#breadcrumb"},"inLanguage":"en-US","potentialAction":[{"@type":"ReadAction","target":["https:\/\/www.tuk-tuktrips.com\/en\/producto\/guadalquivir-itinerary-copia-copia\/"]}]},{"@type":"ImageObject","inLanguage":"en-US","@id":"https:\/\/www.tuk-tuktrips.com\/en\/producto\/guadalquivir-itinerary-copia-copia\/#primaryimage","url":"https:\/\/www.tuk-tuktrips.com\/wp-content\/uploads\/2026\/02\/ItinearioHispalis.jpg","contentUrl":"https:\/\/www.tuk-tuktrips.com\/wp-content\/uploads\/2026\/02\/ItinearioHispalis.jpg","width":886,"height":520},{"@type":"BreadcrumbList","@id":"https:\/\/www.tuk-tuktrips.com\/en\/producto\/guadalquivir-itinerary-copia-copia\/#breadcrumb","itemListElement":[{"@type":"ListItem","position":1,"name":"Inicio","item":"https:\/\/www.tuk-tuktrips.com\/en\/home\/"},{"@type":"ListItem","position":2,"name":"Shop","item":"https:\/\/www.tuk-tuktrips.com\/en\/shop\/"},{"@type":"ListItem","position":3,"name":"Guadalquivir Itinerary (copia) (copia)"}]},{"@type":"WebSite","@id":"https:\/\/www.tuk-tuktrips.com\/en\/#website","url":"https:\/\/www.tuk-tuktrips.com\/en\/","name":"Tuk-Tuk Trips","description":"Tuk tuk Sevilla, visita Sevilla de forma personalizada","publisher":{"@id":"https:\/\/www.tuk-tuktrips.com\/en\/#organization"},"potentialAction":[{"@type":"SearchAction","target":{"@type":"EntryPoint","urlTemplate":"https:\/\/www.tuk-tuktrips.com\/en\/?s={search_term_string}"},"query-input":{"@type":"PropertyValueSpecification","valueRequired":true,"valueName":"search_term_string"}}],"inLanguage":"en-US"},{"@type":"Organization","@id":"https:\/\/www.tuk-tuktrips.com\/en\/#organization","name":"Tuk-Tuk Trips","url":"https:\/\/www.tuk-tuktrips.com\/en\/","logo":{"@type":"ImageObject","inLanguage":"en-US","@id":"https:\/\/www.tuk-tuktrips.com\/en\/#\/schema\/logo\/image\/","url":"https:\/\/www.tuk-tuktrips.com\/wp-content\/uploads\/2026\/02\/logoNegro.svg","contentUrl":"https:\/\/www.tuk-tuktrips.com\/wp-content\/uploads\/2026\/02\/logoNegro.svg","width":91,"height":114,"caption":"Tuk-Tuk Trips"},"image":{"@id":"https:\/\/www.tuk-tuktrips.com\/en\/#\/schema\/logo\/image\/"}}]}},"_links":{"self":[{"href":"https:\/\/www.tuk-tuktrips.com\/en\/wp-json\/wp\/v2\/product\/1645","targetHints":{"allow":["GET"]}}],"collection":[{"href":"https:\/\/www.tuk-tuktrips.com\/en\/wp-json\/wp\/v2\/product"}],"about":[{"href":"https:\/\/www.tuk-tuktrips.com\/en\/wp-json\/wp\/v2\/types\/product"}],"replies":[{"embeddable":true,"href":"https:\/\/www.tuk-tuktrips.com\/en\/wp-json\/wp\/v2\/comments?post=1645"}],"wp:featuredmedia":[{"embeddable":true,"href":"https:\/\/www.tuk-tuktrips.com\/en\/wp-json\/wp\/v2\/media\/1405"}],"wp:attachment":[{"href":"https:\/\/www.tuk-tuktrips.com\/en\/wp-json\/wp\/v2\/media?parent=1645"}],"wp:term":[{"taxonomy":"product_brand","embeddable":true,"href":"https:\/\/www.tuk-tuktrips.com\/en\/wp-json\/wp\/v2\/product_brand?post=1645"},{"taxonomy":"product_cat","embeddable":true,"href":"https:\/\/www.tuk-tuktrips.com\/en\/wp-json\/wp\/v2\/product_cat?post=1645"},{"taxonomy":"product_tag","embeddable":true,"href":"https:\/\/www.tuk-tuktrips.com\/en\/wp-json\/wp\/v2\/product_tag?post=1645"}],"curies":[{"name":"wp","href":"https:\/\/api.w.org\/{rel}","templated":true}]}}